{"id":2250,"date":"2021-10-22T10:51:06","date_gmt":"2021-10-22T14:51:06","guid":{"rendered":"https:\/\/bidzvac.ca\/product\/sacs-filtrants-jetables-pour-poussiere-fine-et-debris-secs\/"},"modified":"2021-10-22T10:51:06","modified_gmt":"2021-10-22T14:51:06","slug":"disposable-filter-bags-2","status":"publish","type":"product","link":"https:\/\/bidzvac.ca\/fr\/produit\/disposable-filter-bags-2\/","title":{"rendered":"Sacs filtrants jetables &#8211; Pour poussi\u00e8re fine et d\u00e9bris secs"},"content":{"rendered":"<ul>\n<li>Les sacs de filtration jetables BIDZ vous permettent de collecter les d\u00e9bris et de les \u00e9liminer rapidement et efficacement, ainsi que de r\u00e9duire le temps n\u00e9cessaire au nettoyage de votre aspirateur.<\/li>\n<li>Con\u00e7u pour le ramassage des d\u00e9bris sec uniquement<\/li>\n<li>Peut recueillir la salet\u00e9 de tous les jours et les d\u00e9bris de particules fines comme la poussi\u00e8re de cloison s\u00e8che.<\/li>\n<li>Convient au mod\u00e8le d&rsquo;aspirateur BIDZ de 5 gallons : WD-512-SS-BIDZ<\/li>\n<li>Comprend 3 sacs d&rsquo;aspirateur BIDZ<\/li>\n<li>Fabriqu\u00e9 en papier de filtration de haute qualit\u00e9 avec un scellant solide pour le maintenir en place : Notre sac aspirateur BIDZ WET\/DRY capture la plupart des petites particules et la poussi\u00e8re de votre atelier et de votre maison.<\/li>\n<li><span style=\"font-size: 16px;\">Filtre \u00e0 99,99 % : Pour am\u00e9liorer la qualit\u00e9 de l&rsquo;air dans votre maison, ces sacs jetables de qualit\u00e9 sup\u00e9rieure sont dot\u00e9s d&rsquo;un syst\u00e8me de collier qui emp\u00eache la poussi\u00e8re de s&rsquo;\u00e9chapper.<\/span>&nbsp;<\/li>\n<\/ul>\n","protected":false},"excerpt":{"rendered":"<p>Ensemble de 3 sacs de filtration jetables<\/p>\n<p>5 gal. \/ 20L, pour mod\u00e8le: WD-512-SS-BIDZ<\/p>\n<p>8 gal \/ 30L pour mod\u00e8le: WD-814-SS-BIDZ<\/p>\n","protected":false},"featured_media":2090,"comment_status":"closed","ping_status":"closed","template":"","meta":{"site-sidebar-layout":"default","site-content-layout":"default","ast-site-content-layout":"","site-content-style":"default","site-sidebar-style":"default","ast-global-header-display":"","ast-banner-title-visibility":"","ast-main-header-display":"","ast-hfb-above-header-display":"","ast-hfb-below-header-display":"","ast-hfb-mobile-header-display":"","site-post-title":"","ast-breadcrumbs-content":"","ast-featured-img":"","footer-sml-layout":"","theme-transparent-header-meta":"default","adv-header-id-meta":"","stick-header-meta":"","header-above-stick-meta":"","header-main-stick-meta":"","header-below-stick-meta":"","astra-migrate-meta-layouts":"default","ast-page-background-enabled":"default","ast-page-background-meta":{"desktop":{"background-color":"","background-image":"","background-repeat":"repeat","background-position":"center center","background-size":"auto","background-attachment":"scroll","background-type":"","background-media":"","overlay-type":"","overlay-color":"","overlay-opacity":"","overlay-gradient":""},"tablet":{"background-color":"","background-image":"","background-repeat":"repeat","background-position":"center center","background-size":"auto","background-attachment":"scroll","background-type":"","background-media":"","overlay-type":"","overlay-color":"","overlay-opacity":"","overlay-gradient":""},"mobile":{"background-color":"","background-image":"","background-repeat":"repeat","background-position":"center center","background-size":"auto","background-attachment":"scroll","background-type":"","background-media":"","overlay-type":"","overlay-color":"","overlay-opacity":"","overlay-gradient":""}},"ast-content-background-meta":{"desktop":{"background-color":"var(--ast-global-color-5)","background-image":"","background-repeat":"repeat","background-position":"center center","background-size":"auto","background-attachment":"scroll","background-type":"","background-media":"","overlay-type":"","overlay-color":"","overlay-opacity":"","overlay-gradient":""},"tablet":{"background-color":"var(--ast-global-color-5)","background-image":"","background-repeat":"repeat","background-position":"center center","background-size":"auto","background-attachment":"scroll","background-type":"","background-media":"","overlay-type":"","overlay-color":"","overlay-opacity":"","overlay-gradient":""},"mobile":{"background-color":"var(--ast-global-color-5)","background-image":"","background-repeat":"repeat","background-position":"center center","background-size":"auto","background-attachment":"scroll","background-type":"","background-media":"","overlay-type":"","overlay-color":"","overlay-opacity":"","overlay-gradient":""}}},"product_cat":[48,47],"product_tag":[],"class_list":{"0":"post-2250","1":"product","2":"type-product","3":"status-publish","4":"has-post-thumbnail","6":"product_cat-sacs-et-filtres","7":"product_cat-tous","8":"desktop-align-left","9":"tablet-align-left","10":"mobile-align-left","11":"ast-product-gallery-layout-horizontal-slider","12":"ast-product-gallery-with-no-image","13":"ast-product-single-variable","14":"ast-product-tabs-layout-vertical","16":"first","17":"instock","18":"taxable","19":"shipping-taxable","20":"purchasable","21":"product-type-variable"},"yoast_head":"<!-- This site is optimized with the Yoast SEO plugin v24.1 - https:\/\/yoast.com\/wordpress\/plugins\/seo\/ -->\n<title>Sacs filtrants jetables - Pour poussi\u00e8re fine et d\u00e9bris secs - Bidz<\/title>\n<meta name=\"robots\" content=\"index, follow, max-snippet:-1, max-image-preview:large, max-video-preview:-1\" \/>\n<link rel=\"canonical\" href=\"https:\/\/bidzvac.ca\/fr\/produit\/disposable-filter-bags-2\/\" \/>\n<meta property=\"og:locale\" content=\"fr_FR\" \/>\n<meta property=\"og:type\" content=\"article\" \/>\n<meta property=\"og:title\" content=\"Sacs filtrants jetables - Pour poussi\u00e8re fine et d\u00e9bris secs - Bidz\" \/>\n<meta property=\"og:description\" content=\"Ensemble de 3 sacs de filtration jetables 5 gal. \/ 20L, pour mod\u00e8le: WD-512-SS-BIDZ 8 gal \/ 30L pour mod\u00e8le: WD-814-SS-BIDZ\" \/>\n<meta property=\"og:url\" content=\"https:\/\/bidzvac.ca\/fr\/produit\/disposable-filter-bags-2\/\" \/>\n<meta property=\"og:site_name\" content=\"Bidz\" \/>\n<meta property=\"og:image\" content=\"https:\/\/bidzvac.ca\/wp-content\/uploads\/2021\/09\/8Gal_facebook.jpg\" \/>\n<meta name=\"twitter:card\" content=\"summary_large_image\" \/>\n<meta name=\"twitter:label1\" content=\"Dur\u00e9e de lecture estim\u00e9e\" \/>\n\t<meta name=\"twitter:data1\" content=\"1 minute\" \/>\n<script type=\"application\/ld+json\" class=\"yoast-schema-graph\">{\"@context\":\"https:\/\/schema.org\",\"@graph\":[{\"@type\":\"WebPage\",\"@id\":\"https:\/\/bidzvac.ca\/fr\/produit\/disposable-filter-bags-2\/\",\"url\":\"https:\/\/bidzvac.ca\/fr\/produit\/disposable-filter-bags-2\/\",\"name\":\"Sacs filtrants jetables - Pour poussi\u00e8re fine et d\u00e9bris secs - Bidz\",\"isPartOf\":{\"@id\":\"https:\/\/bidzvac.ca\/fr\/#website\"},\"primaryImageOfPage\":{\"@id\":\"https:\/\/bidzvac.ca\/fr\/produit\/disposable-filter-bags-2\/#primaryimage\"},\"image\":{\"@id\":\"https:\/\/bidzvac.ca\/fr\/produit\/disposable-filter-bags-2\/#primaryimage\"},\"thumbnailUrl\":\"https:\/\/bidzvac.ca\/wp-content\/uploads\/2021\/10\/bidz-filter-bags.jpg\",\"datePublished\":\"2021-10-22T14:51:06+00:00\",\"dateModified\":\"2021-10-22T14:51:06+00:00\",\"breadcrumb\":{\"@id\":\"https:\/\/bidzvac.ca\/fr\/produit\/disposable-filter-bags-2\/#breadcrumb\"},\"inLanguage\":\"fr-FR\",\"potentialAction\":[{\"@type\":\"ReadAction\",\"target\":[\"https:\/\/bidzvac.ca\/fr\/produit\/disposable-filter-bags-2\/\"]}]},{\"@type\":\"ImageObject\",\"inLanguage\":\"fr-FR\",\"@id\":\"https:\/\/bidzvac.ca\/fr\/produit\/disposable-filter-bags-2\/#primaryimage\",\"url\":\"https:\/\/bidzvac.ca\/wp-content\/uploads\/2021\/10\/bidz-filter-bags.jpg\",\"contentUrl\":\"https:\/\/bidzvac.ca\/wp-content\/uploads\/2021\/10\/bidz-filter-bags.jpg\",\"width\":1000,\"height\":1000,\"caption\":\"Bidz Filter bags\"},{\"@type\":\"BreadcrumbList\",\"@id\":\"https:\/\/bidzvac.ca\/fr\/produit\/disposable-filter-bags-2\/#breadcrumb\",\"itemListElement\":[{\"@type\":\"ListItem\",\"position\":1,\"name\":\"Home\",\"item\":\"https:\/\/bidzvac.ca\/fr\/\"},{\"@type\":\"ListItem\",\"position\":2,\"name\":\"Boutique\",\"item\":\"https:\/\/bidzvac.ca\/fr\/boutique\/\"},{\"@type\":\"ListItem\",\"position\":3,\"name\":\"Sacs filtrants jetables &#8211; Pour poussi\u00e8re fine et d\u00e9bris secs\"}]},{\"@type\":\"WebSite\",\"@id\":\"https:\/\/bidzvac.ca\/fr\/#website\",\"url\":\"https:\/\/bidzvac.ca\/fr\/\",\"name\":\"Bidz\",\"description\":\"\",\"publisher\":{\"@id\":\"https:\/\/bidzvac.ca\/fr\/#organization\"},\"potentialAction\":[{\"@type\":\"SearchAction\",\"target\":{\"@type\":\"EntryPoint\",\"urlTemplate\":\"https:\/\/bidzvac.ca\/fr\/?s={search_term_string}\"},\"query-input\":{\"@type\":\"PropertyValueSpecification\",\"valueRequired\":true,\"valueName\":\"search_term_string\"}}],\"inLanguage\":\"fr-FR\"},{\"@type\":\"Organization\",\"@id\":\"https:\/\/bidzvac.ca\/fr\/#organization\",\"name\":\"Bidz\",\"url\":\"https:\/\/bidzvac.ca\/fr\/\",\"logo\":{\"@type\":\"ImageObject\",\"inLanguage\":\"fr-FR\",\"@id\":\"https:\/\/bidzvac.ca\/fr\/#\/schema\/logo\/image\/\",\"url\":\"https:\/\/bidzvac.ca\/wp-content\/uploads\/2021\/09\/bidz-logo-black.svg\",\"contentUrl\":\"https:\/\/bidzvac.ca\/wp-content\/uploads\/2021\/09\/bidz-logo-black.svg\",\"width\":612,\"height\":234,\"caption\":\"Bidz\"},\"image\":{\"@id\":\"https:\/\/bidzvac.ca\/fr\/#\/schema\/logo\/image\/\"}}]}<\/script>\n<!-- \/ Yoast SEO plugin. -->","yoast_head_json":{"title":"Sacs filtrants jetables - Pour poussi\u00e8re fine et d\u00e9bris secs - Bidz","robots":{"index":"index","follow":"follow","max-snippet":"max-snippet:-1","max-image-preview":"max-image-preview:large","max-video-preview":"max-video-preview:-1"},"canonical":"https:\/\/bidzvac.ca\/fr\/produit\/disposable-filter-bags-2\/","og_locale":"fr_FR","og_type":"article","og_title":"Sacs filtrants jetables - Pour poussi\u00e8re fine et d\u00e9bris secs - Bidz","og_description":"Ensemble de 3 sacs de filtration jetables 5 gal. \/ 20L, pour mod\u00e8le: WD-512-SS-BIDZ 8 gal \/ 30L pour mod\u00e8le: WD-814-SS-BIDZ","og_url":"https:\/\/bidzvac.ca\/fr\/produit\/disposable-filter-bags-2\/","og_site_name":"Bidz","og_image":[{"url":"https:\/\/bidzvac.ca\/wp-content\/uploads\/2021\/09\/8Gal_facebook.jpg","type":"","width":"","height":""}],"twitter_card":"summary_large_image","twitter_misc":{"Dur\u00e9e de lecture estim\u00e9e":"1 minute"},"schema":{"@context":"https:\/\/schema.org","@graph":[{"@type":"WebPage","@id":"https:\/\/bidzvac.ca\/fr\/produit\/disposable-filter-bags-2\/","url":"https:\/\/bidzvac.ca\/fr\/produit\/disposable-filter-bags-2\/","name":"Sacs filtrants jetables - Pour poussi\u00e8re fine et d\u00e9bris secs - Bidz","isPartOf":{"@id":"https:\/\/bidzvac.ca\/fr\/#website"},"primaryImageOfPage":{"@id":"https:\/\/bidzvac.ca\/fr\/produit\/disposable-filter-bags-2\/#primaryimage"},"image":{"@id":"https:\/\/bidzvac.ca\/fr\/produit\/disposable-filter-bags-2\/#primaryimage"},"thumbnailUrl":"https:\/\/bidzvac.ca\/wp-content\/uploads\/2021\/10\/bidz-filter-bags.jpg","datePublished":"2021-10-22T14:51:06+00:00","dateModified":"2021-10-22T14:51:06+00:00","breadcrumb":{"@id":"https:\/\/bidzvac.ca\/fr\/produit\/disposable-filter-bags-2\/#breadcrumb"},"inLanguage":"fr-FR","potentialAction":[{"@type":"ReadAction","target":["https:\/\/bidzvac.ca\/fr\/produit\/disposable-filter-bags-2\/"]}]},{"@type":"ImageObject","inLanguage":"fr-FR","@id":"https:\/\/bidzvac.ca\/fr\/produit\/disposable-filter-bags-2\/#primaryimage","url":"https:\/\/bidzvac.ca\/wp-content\/uploads\/2021\/10\/bidz-filter-bags.jpg","contentUrl":"https:\/\/bidzvac.ca\/wp-content\/uploads\/2021\/10\/bidz-filter-bags.jpg","width":1000,"height":1000,"caption":"Bidz Filter bags"},{"@type":"BreadcrumbList","@id":"https:\/\/bidzvac.ca\/fr\/produit\/disposable-filter-bags-2\/#breadcrumb","itemListElement":[{"@type":"ListItem","position":1,"name":"Home","item":"https:\/\/bidzvac.ca\/fr\/"},{"@type":"ListItem","position":2,"name":"Boutique","item":"https:\/\/bidzvac.ca\/fr\/boutique\/"},{"@type":"ListItem","position":3,"name":"Sacs filtrants jetables &#8211; Pour poussi\u00e8re fine et d\u00e9bris secs"}]},{"@type":"WebSite","@id":"https:\/\/bidzvac.ca\/fr\/#website","url":"https:\/\/bidzvac.ca\/fr\/","name":"Bidz","description":"","publisher":{"@id":"https:\/\/bidzvac.ca\/fr\/#organization"},"potentialAction":[{"@type":"SearchAction","target":{"@type":"EntryPoint","urlTemplate":"https:\/\/bidzvac.ca\/fr\/?s={search_term_string}"},"query-input":{"@type":"PropertyValueSpecification","valueRequired":true,"valueName":"search_term_string"}}],"inLanguage":"fr-FR"},{"@type":"Organization","@id":"https:\/\/bidzvac.ca\/fr\/#organization","name":"Bidz","url":"https:\/\/bidzvac.ca\/fr\/","logo":{"@type":"ImageObject","inLanguage":"fr-FR","@id":"https:\/\/bidzvac.ca\/fr\/#\/schema\/logo\/image\/","url":"https:\/\/bidzvac.ca\/wp-content\/uploads\/2021\/09\/bidz-logo-black.svg","contentUrl":"https:\/\/bidzvac.ca\/wp-content\/uploads\/2021\/09\/bidz-logo-black.svg","width":612,"height":234,"caption":"Bidz"},"image":{"@id":"https:\/\/bidzvac.ca\/fr\/#\/schema\/logo\/image\/"}}]}},"_links":{"self":[{"href":"https:\/\/bidzvac.ca\/fr\/wp-json\/wp\/v2\/product\/2250","targetHints":{"allow":["GET"]}}],"collection":[{"href":"https:\/\/bidzvac.ca\/fr\/wp-json\/wp\/v2\/product"}],"about":[{"href":"https:\/\/bidzvac.ca\/fr\/wp-json\/wp\/v2\/types\/product"}],"replies":[{"embeddable":true,"href":"https:\/\/bidzvac.ca\/fr\/wp-json\/wp\/v2\/comments?post=2250"}],"wp:featuredmedia":[{"embeddable":true,"href":"https:\/\/bidzvac.ca\/fr\/wp-json\/wp\/v2\/media\/2090"}],"wp:attachment":[{"href":"https:\/\/bidzvac.ca\/fr\/wp-json\/wp\/v2\/media?parent=2250"}],"wp:term":[{"taxonomy":"product_cat","embeddable":true,"href":"https:\/\/bidzvac.ca\/fr\/wp-json\/wp\/v2\/product_cat?post=2250"},{"taxonomy":"product_tag","embeddable":true,"href":"https:\/\/bidzvac.ca\/fr\/wp-json\/wp\/v2\/product_tag?post=2250"}],"curies":[{"name":"wp","href":"https:\/\/api.w.org\/{rel}","templated":true}]}}