{"id":2248,"date":"2021-10-27T12:05:55","date_gmt":"2021-10-27T16:05:55","guid":{"rendered":"https:\/\/bidzvac.ca\/product\/filtre-a-cartouche-hepa\/"},"modified":"2021-10-27T12:05:55","modified_gmt":"2021-10-27T16:05:55","slug":"hepa-cartridge-filter-2","status":"publish","type":"product","link":"https:\/\/bidzvac.ca\/fr\/produit\/hepa-cartridge-filter-2\/","title":{"rendered":"Filtre \u00e0 cartouche HEPA"},"content":{"rendered":"<ul>\n<li>Le filtre \u00e0 cartouche HEPA de BIDZ capture les allerg\u00e8nes et les particules de poussi\u00e8re fines jusqu&rsquo;\u00e0 0,3 micron.<\/li>\n<li>FACILE \u00c0 UTILISER : Il suffit de faire glisser le filtre sur la cage du filtre, et c&rsquo;est parti.<\/li>\n<li>Id\u00e9al pour capturer le bois, les d\u00e9bris g\u00e9n\u00e9raux d&rsquo;atelier et de maison, les cloisons s\u00e8ches, les cendres froides, les allerg\u00e8nes, et bien plus encore !<\/li>\n<li>Convient \u00e0 tous les aspirateurs BIDZ : Mod\u00e8le 5 gal (WD-512-SS-BIDS) et 8 gal. mod\u00e8le (WD-814-SS-BIDZ)<\/li>\n<li>FILTRE LAVABLE ET R\u00c9UTILISABLE<\/li>\n<li>Filtre 99.97%<\/li>\n<\/ul>\n","protected":false},"excerpt":{"rendered":"<p>1-pack &#8211; Pour d\u00e9bris \u00e0 sec uniquement<br \/>\nPour mod\u00e8le: WD-512-SS-BIDZ et WD-814-SS-BIDZ<\/p>\n","protected":false},"featured_media":2105,"comment_status":"closed","ping_status":"closed","template":"","meta":{"site-sidebar-layout":"default","site-content-layout":"default","ast-site-content-layout":"","site-content-style":"default","site-sidebar-style":"default","ast-global-header-display":"","ast-banner-title-visibility":"","ast-main-header-display":"","ast-hfb-above-header-display":"","ast-hfb-below-header-display":"","ast-hfb-mobile-header-display":"","site-post-title":"","ast-breadcrumbs-content":"","ast-featured-img":"","footer-sml-layout":"","theme-transparent-header-meta":"default","adv-header-id-meta":"","stick-header-meta":"","header-above-stick-meta":"","header-main-stick-meta":"","header-below-stick-meta":"","astra-migrate-meta-layouts":"default","ast-page-background-enabled":"default","ast-page-background-meta":{"desktop":{"background-color":"","background-image":"","background-repeat":"repeat","background-position":"center center","background-size":"auto","background-attachment":"scroll","background-type":"","background-media":"","overlay-type":"","overlay-color":"","overlay-opacity":"","overlay-gradient":""},"tablet":{"background-color":"","background-image":"","background-repeat":"repeat","background-position":"center center","background-size":"auto","background-attachment":"scroll","background-type":"","background-media":"","overlay-type":"","overlay-color":"","overlay-opacity":"","overlay-gradient":""},"mobile":{"background-color":"","background-image":"","background-repeat":"repeat","background-position":"center center","background-size":"auto","background-attachment":"scroll","background-type":"","background-media":"","overlay-type":"","overlay-color":"","overlay-opacity":"","overlay-gradient":""}},"ast-content-background-meta":{"desktop":{"background-color":"var(--ast-global-color-5)","background-image":"","background-repeat":"repeat","background-position":"center center","background-size":"auto","background-attachment":"scroll","background-type":"","background-media":"","overlay-type":"","overlay-color":"","overlay-opacity":"","overlay-gradient":""},"tablet":{"background-color":"var(--ast-global-color-5)","background-image":"","background-repeat":"repeat","background-position":"center center","background-size":"auto","background-attachment":"scroll","background-type":"","background-media":"","overlay-type":"","overlay-color":"","overlay-opacity":"","overlay-gradient":""},"mobile":{"background-color":"var(--ast-global-color-5)","background-image":"","background-repeat":"repeat","background-position":"center center","background-size":"auto","background-attachment":"scroll","background-type":"","background-media":"","overlay-type":"","overlay-color":"","overlay-opacity":"","overlay-gradient":""}}},"product_cat":[48,47],"product_tag":[],"class_list":{"0":"post-2248","1":"product","2":"type-product","3":"status-publish","4":"has-post-thumbnail","6":"product_cat-sacs-et-filtres","7":"product_cat-tous","8":"desktop-align-left","9":"tablet-align-left","10":"mobile-align-left","11":"ast-product-gallery-layout-horizontal-slider","12":"ast-product-gallery-with-no-image","13":"ast-product-tabs-layout-vertical","15":"first","16":"instock","17":"taxable","18":"shipping-taxable","19":"purchasable","20":"product-type-simple"},"yoast_head":"<!-- This site is optimized with the Yoast SEO plugin v24.1 - https:\/\/yoast.com\/wordpress\/plugins\/seo\/ -->\n<title>Filtre \u00e0 cartouche HEPA - Bidz<\/title>\n<meta name=\"robots\" content=\"index, follow, max-snippet:-1, max-image-preview:large, max-video-preview:-1\" \/>\n<link rel=\"canonical\" href=\"https:\/\/bidzvac.ca\/fr\/produit\/hepa-cartridge-filter-2\/\" \/>\n<meta property=\"og:locale\" content=\"fr_FR\" \/>\n<meta property=\"og:type\" content=\"article\" \/>\n<meta property=\"og:title\" content=\"Filtre \u00e0 cartouche HEPA - Bidz\" \/>\n<meta property=\"og:description\" content=\"1-pack - Pour d\u00e9bris \u00e0 sec uniquement Pour mod\u00e8le: WD-512-SS-BIDZ et WD-814-SS-BIDZ\" \/>\n<meta property=\"og:url\" content=\"https:\/\/bidzvac.ca\/fr\/produit\/hepa-cartridge-filter-2\/\" \/>\n<meta property=\"og:site_name\" content=\"Bidz\" \/>\n<meta property=\"og:image\" content=\"https:\/\/bidzvac.ca\/wp-content\/uploads\/2021\/09\/8Gal_facebook.jpg\" \/>\n<meta name=\"twitter:card\" content=\"summary_large_image\" \/>\n<script type=\"application\/ld+json\" class=\"yoast-schema-graph\">{\"@context\":\"https:\/\/schema.org\",\"@graph\":[{\"@type\":\"WebPage\",\"@id\":\"https:\/\/bidzvac.ca\/fr\/produit\/hepa-cartridge-filter-2\/\",\"url\":\"https:\/\/bidzvac.ca\/fr\/produit\/hepa-cartridge-filter-2\/\",\"name\":\"Filtre \u00e0 cartouche HEPA - Bidz\",\"isPartOf\":{\"@id\":\"https:\/\/bidzvac.ca\/fr\/#website\"},\"primaryImageOfPage\":{\"@id\":\"https:\/\/bidzvac.ca\/fr\/produit\/hepa-cartridge-filter-2\/#primaryimage\"},\"image\":{\"@id\":\"https:\/\/bidzvac.ca\/fr\/produit\/hepa-cartridge-filter-2\/#primaryimage\"},\"thumbnailUrl\":\"https:\/\/bidzvac.ca\/wp-content\/uploads\/2021\/10\/IMG_0344.png\",\"datePublished\":\"2021-10-27T16:05:55+00:00\",\"dateModified\":\"2021-10-27T16:05:55+00:00\",\"breadcrumb\":{\"@id\":\"https:\/\/bidzvac.ca\/fr\/produit\/hepa-cartridge-filter-2\/#breadcrumb\"},\"inLanguage\":\"fr-FR\",\"potentialAction\":[{\"@type\":\"ReadAction\",\"target\":[\"https:\/\/bidzvac.ca\/fr\/produit\/hepa-cartridge-filter-2\/\"]}]},{\"@type\":\"ImageObject\",\"inLanguage\":\"fr-FR\",\"@id\":\"https:\/\/bidzvac.ca\/fr\/produit\/hepa-cartridge-filter-2\/#primaryimage\",\"url\":\"https:\/\/bidzvac.ca\/wp-content\/uploads\/2021\/10\/IMG_0344.png\",\"contentUrl\":\"https:\/\/bidzvac.ca\/wp-content\/uploads\/2021\/10\/IMG_0344.png\",\"width\":648,\"height\":596,\"caption\":\"HEPA wet\/Dry vacuum filter\"},{\"@type\":\"BreadcrumbList\",\"@id\":\"https:\/\/bidzvac.ca\/fr\/produit\/hepa-cartridge-filter-2\/#breadcrumb\",\"itemListElement\":[{\"@type\":\"ListItem\",\"position\":1,\"name\":\"Home\",\"item\":\"https:\/\/bidzvac.ca\/fr\/\"},{\"@type\":\"ListItem\",\"position\":2,\"name\":\"Boutique\",\"item\":\"https:\/\/bidzvac.ca\/fr\/boutique\/\"},{\"@type\":\"ListItem\",\"position\":3,\"name\":\"Filtre \u00e0 cartouche HEPA\"}]},{\"@type\":\"WebSite\",\"@id\":\"https:\/\/bidzvac.ca\/fr\/#website\",\"url\":\"https:\/\/bidzvac.ca\/fr\/\",\"name\":\"Bidz\",\"description\":\"\",\"publisher\":{\"@id\":\"https:\/\/bidzvac.ca\/fr\/#organization\"},\"potentialAction\":[{\"@type\":\"SearchAction\",\"target\":{\"@type\":\"EntryPoint\",\"urlTemplate\":\"https:\/\/bidzvac.ca\/fr\/?s={search_term_string}\"},\"query-input\":{\"@type\":\"PropertyValueSpecification\",\"valueRequired\":true,\"valueName\":\"search_term_string\"}}],\"inLanguage\":\"fr-FR\"},{\"@type\":\"Organization\",\"@id\":\"https:\/\/bidzvac.ca\/fr\/#organization\",\"name\":\"Bidz\",\"url\":\"https:\/\/bidzvac.ca\/fr\/\",\"logo\":{\"@type\":\"ImageObject\",\"inLanguage\":\"fr-FR\",\"@id\":\"https:\/\/bidzvac.ca\/fr\/#\/schema\/logo\/image\/\",\"url\":\"https:\/\/bidzvac.ca\/wp-content\/uploads\/2021\/09\/bidz-logo-black.svg\",\"contentUrl\":\"https:\/\/bidzvac.ca\/wp-content\/uploads\/2021\/09\/bidz-logo-black.svg\",\"width\":612,\"height\":234,\"caption\":\"Bidz\"},\"image\":{\"@id\":\"https:\/\/bidzvac.ca\/fr\/#\/schema\/logo\/image\/\"}}]}<\/script>\n<!-- \/ Yoast SEO plugin. -->","yoast_head_json":{"title":"Filtre \u00e0 cartouche HEPA - Bidz","robots":{"index":"index","follow":"follow","max-snippet":"max-snippet:-1","max-image-preview":"max-image-preview:large","max-video-preview":"max-video-preview:-1"},"canonical":"https:\/\/bidzvac.ca\/fr\/produit\/hepa-cartridge-filter-2\/","og_locale":"fr_FR","og_type":"article","og_title":"Filtre \u00e0 cartouche HEPA - Bidz","og_description":"1-pack - Pour d\u00e9bris \u00e0 sec uniquement Pour mod\u00e8le: WD-512-SS-BIDZ et WD-814-SS-BIDZ","og_url":"https:\/\/bidzvac.ca\/fr\/produit\/hepa-cartridge-filter-2\/","og_site_name":"Bidz","og_image":[{"url":"https:\/\/bidzvac.ca\/wp-content\/uploads\/2021\/09\/8Gal_facebook.jpg","type":"","width":"","height":""}],"twitter_card":"summary_large_image","schema":{"@context":"https:\/\/schema.org","@graph":[{"@type":"WebPage","@id":"https:\/\/bidzvac.ca\/fr\/produit\/hepa-cartridge-filter-2\/","url":"https:\/\/bidzvac.ca\/fr\/produit\/hepa-cartridge-filter-2\/","name":"Filtre \u00e0 cartouche HEPA - Bidz","isPartOf":{"@id":"https:\/\/bidzvac.ca\/fr\/#website"},"primaryImageOfPage":{"@id":"https:\/\/bidzvac.ca\/fr\/produit\/hepa-cartridge-filter-2\/#primaryimage"},"image":{"@id":"https:\/\/bidzvac.ca\/fr\/produit\/hepa-cartridge-filter-2\/#primaryimage"},"thumbnailUrl":"https:\/\/bidzvac.ca\/wp-content\/uploads\/2021\/10\/IMG_0344.png","datePublished":"2021-10-27T16:05:55+00:00","dateModified":"2021-10-27T16:05:55+00:00","breadcrumb":{"@id":"https:\/\/bidzvac.ca\/fr\/produit\/hepa-cartridge-filter-2\/#breadcrumb"},"inLanguage":"fr-FR","potentialAction":[{"@type":"ReadAction","target":["https:\/\/bidzvac.ca\/fr\/produit\/hepa-cartridge-filter-2\/"]}]},{"@type":"ImageObject","inLanguage":"fr-FR","@id":"https:\/\/bidzvac.ca\/fr\/produit\/hepa-cartridge-filter-2\/#primaryimage","url":"https:\/\/bidzvac.ca\/wp-content\/uploads\/2021\/10\/IMG_0344.png","contentUrl":"https:\/\/bidzvac.ca\/wp-content\/uploads\/2021\/10\/IMG_0344.png","width":648,"height":596,"caption":"HEPA wet\/Dry vacuum filter"},{"@type":"BreadcrumbList","@id":"https:\/\/bidzvac.ca\/fr\/produit\/hepa-cartridge-filter-2\/#breadcrumb","itemListElement":[{"@type":"ListItem","position":1,"name":"Home","item":"https:\/\/bidzvac.ca\/fr\/"},{"@type":"ListItem","position":2,"name":"Boutique","item":"https:\/\/bidzvac.ca\/fr\/boutique\/"},{"@type":"ListItem","position":3,"name":"Filtre \u00e0 cartouche HEPA"}]},{"@type":"WebSite","@id":"https:\/\/bidzvac.ca\/fr\/#website","url":"https:\/\/bidzvac.ca\/fr\/","name":"Bidz","description":"","publisher":{"@id":"https:\/\/bidzvac.ca\/fr\/#organization"},"potentialAction":[{"@type":"SearchAction","target":{"@type":"EntryPoint","urlTemplate":"https:\/\/bidzvac.ca\/fr\/?s={search_term_string}"},"query-input":{"@type":"PropertyValueSpecification","valueRequired":true,"valueName":"search_term_string"}}],"inLanguage":"fr-FR"},{"@type":"Organization","@id":"https:\/\/bidzvac.ca\/fr\/#organization","name":"Bidz","url":"https:\/\/bidzvac.ca\/fr\/","logo":{"@type":"ImageObject","inLanguage":"fr-FR","@id":"https:\/\/bidzvac.ca\/fr\/#\/schema\/logo\/image\/","url":"https:\/\/bidzvac.ca\/wp-content\/uploads\/2021\/09\/bidz-logo-black.svg","contentUrl":"https:\/\/bidzvac.ca\/wp-content\/uploads\/2021\/09\/bidz-logo-black.svg","width":612,"height":234,"caption":"Bidz"},"image":{"@id":"https:\/\/bidzvac.ca\/fr\/#\/schema\/logo\/image\/"}}]}},"_links":{"self":[{"href":"https:\/\/bidzvac.ca\/fr\/wp-json\/wp\/v2\/product\/2248","targetHints":{"allow":["GET"]}}],"collection":[{"href":"https:\/\/bidzvac.ca\/fr\/wp-json\/wp\/v2\/product"}],"about":[{"href":"https:\/\/bidzvac.ca\/fr\/wp-json\/wp\/v2\/types\/product"}],"replies":[{"embeddable":true,"href":"https:\/\/bidzvac.ca\/fr\/wp-json\/wp\/v2\/comments?post=2248"}],"wp:featuredmedia":[{"embeddable":true,"href":"https:\/\/bidzvac.ca\/fr\/wp-json\/wp\/v2\/media\/2105"}],"wp:attachment":[{"href":"https:\/\/bidzvac.ca\/fr\/wp-json\/wp\/v2\/media?parent=2248"}],"wp:term":[{"taxonomy":"product_cat","embeddable":true,"href":"https:\/\/bidzvac.ca\/fr\/wp-json\/wp\/v2\/product_cat?post=2248"},{"taxonomy":"product_tag","embeddable":true,"href":"https:\/\/bidzvac.ca\/fr\/wp-json\/wp\/v2\/product_tag?post=2248"}],"curies":[{"name":"wp","href":"https:\/\/api.w.org\/{rel}","templated":true}]}}