{"id":2247,"date":"2021-12-08T11:28:00","date_gmt":"2021-12-08T16:28:00","guid":{"rendered":"https:\/\/bidzvac.ca\/product\/tuyau-anti-ecrasement-pour-aspirateur-eau-et-poussiere-de-8-pieds\/"},"modified":"2021-12-08T11:28:00","modified_gmt":"2021-12-08T16:28:00","slug":"7-ft-crushproof-hose-2","status":"publish","type":"product","link":"https:\/\/bidzvac.ca\/fr\/produit\/7-ft-crushproof-hose-2\/","title":{"rendered":"Tuyau anti-\u00e9crasement pour aspirateur eau et poussi\u00e8re de 8 pieds"},"content":{"rendered":"<ul>\n<li>8 ft : le tuyau le plus long et le plus durable du march\u00e9 pour les aspirateurs sec\/Humide<\/li>\n<li>Syst\u00e8me de verrouillage pour \u00e9viter que le boyau ne se d\u00e9tache pendant l&rsquo;utilisation.<\/li>\n<li>La fonction anti-\u00e9crasement prot\u00e8ge votre boyau contre l&rsquo;\u00e9crasement et augmente sa dur\u00e9e de vie.<\/li>\n<li>Son diam\u00e8tre de 1 1\/4 pouce est parfait pour ramasser les d\u00e9bris de grande taille sans les obstruer et fournit un flux d&rsquo;air maximal.<\/li>\n<li>M\u00e9canisme de pivotement au niveau de la poign\u00e9e pour \u00e9viter que le tuyau ne s&rsquo;entortille.<\/li>\n<\/ul>\n","protected":false},"excerpt":{"rendered":"<p>8 ft : le tuyau le plus long et le plus durable du march\u00e9 pour les aspirateurs sec\/Humide Syst\u00e8me de verrouillage pour \u00e9viter que le boyau ne se d\u00e9tache pendant l&rsquo;utilisation. La fonction anti-\u00e9crasement prot\u00e8ge votre boyau contre l&rsquo;\u00e9crasement et augmente sa dur\u00e9e de vie. Son diam\u00e8tre de 1 1\/4 pouce est parfait pour ramasser [&hellip;]<\/p>\n","protected":false},"featured_media":2175,"comment_status":"closed","ping_status":"closed","template":"","meta":{"site-sidebar-layout":"default","site-content-layout":"default","ast-site-content-layout":"","site-content-style":"default","site-sidebar-style":"default","ast-global-header-display":"","ast-banner-title-visibility":"","ast-main-header-display":"","ast-hfb-above-header-display":"","ast-hfb-below-header-display":"","ast-hfb-mobile-header-display":"","site-post-title":"","ast-breadcrumbs-content":"","ast-featured-img":"","footer-sml-layout":"","theme-transparent-header-meta":"default","adv-header-id-meta":"","stick-header-meta":"","header-above-stick-meta":"","header-main-stick-meta":"","header-below-stick-meta":"","astra-migrate-meta-layouts":"default","ast-page-background-enabled":"default","ast-page-background-meta":{"desktop":{"background-color":"","background-image":"","background-repeat":"repeat","background-position":"center center","background-size":"auto","background-attachment":"scroll","background-type":"","background-media":"","overlay-type":"","overlay-color":"","overlay-opacity":"","overlay-gradient":""},"tablet":{"background-color":"","background-image":"","background-repeat":"repeat","background-position":"center center","background-size":"auto","background-attachment":"scroll","background-type":"","background-media":"","overlay-type":"","overlay-color":"","overlay-opacity":"","overlay-gradient":""},"mobile":{"background-color":"","background-image":"","background-repeat":"repeat","background-position":"center center","background-size":"auto","background-attachment":"scroll","background-type":"","background-media":"","overlay-type":"","overlay-color":"","overlay-opacity":"","overlay-gradient":""}},"ast-content-background-meta":{"desktop":{"background-color":"var(--ast-global-color-5)","background-image":"","background-repeat":"repeat","background-position":"center center","background-size":"auto","background-attachment":"scroll","background-type":"","background-media":"","overlay-type":"","overlay-color":"","overlay-opacity":"","overlay-gradient":""},"tablet":{"background-color":"var(--ast-global-color-5)","background-image":"","background-repeat":"repeat","background-position":"center center","background-size":"auto","background-attachment":"scroll","background-type":"","background-media":"","overlay-type":"","overlay-color":"","overlay-opacity":"","overlay-gradient":""},"mobile":{"background-color":"var(--ast-global-color-5)","background-image":"","background-repeat":"repeat","background-position":"center center","background-size":"auto","background-attachment":"scroll","background-type":"","background-media":"","overlay-type":"","overlay-color":"","overlay-opacity":"","overlay-gradient":""}}},"product_cat":[49,47],"product_tag":[],"class_list":{"0":"post-2247","1":"product","2":"type-product","3":"status-publish","4":"has-post-thumbnail","6":"product_cat-accessoires","7":"product_cat-tous","8":"desktop-align-left","9":"tablet-align-left","10":"mobile-align-left","11":"ast-product-gallery-layout-horizontal-slider","12":"ast-product-gallery-with-no-image","13":"ast-product-tabs-layout-vertical","15":"first","16":"instock","17":"taxable","18":"shipping-taxable","19":"purchasable","20":"product-type-simple"},"yoast_head":"<!-- This site is optimized with the Yoast SEO plugin v24.1 - https:\/\/yoast.com\/wordpress\/plugins\/seo\/ -->\n<title>Tuyau anti-\u00e9crasement pour aspirateur eau et poussi\u00e8re de 8 pieds - Bidz<\/title>\n<meta name=\"robots\" content=\"index, follow, max-snippet:-1, max-image-preview:large, max-video-preview:-1\" \/>\n<link rel=\"canonical\" href=\"https:\/\/bidzvac.ca\/fr\/produit\/7-ft-crushproof-hose-2\/\" \/>\n<meta property=\"og:locale\" content=\"fr_FR\" \/>\n<meta property=\"og:type\" content=\"article\" \/>\n<meta property=\"og:title\" content=\"Tuyau anti-\u00e9crasement pour aspirateur eau et poussi\u00e8re de 8 pieds - Bidz\" \/>\n<meta property=\"og:description\" content=\"8 ft : le tuyau le plus long et le plus durable du march\u00e9 pour les aspirateurs sec\/Humide Syst\u00e8me de verrouillage pour \u00e9viter que le boyau ne se d\u00e9tache pendant l&rsquo;utilisation. La fonction anti-\u00e9crasement prot\u00e8ge votre boyau contre l&rsquo;\u00e9crasement et augmente sa dur\u00e9e de vie. Son diam\u00e8tre de 1 1\/4 pouce est parfait pour ramasser [&hellip;]\" \/>\n<meta property=\"og:url\" content=\"https:\/\/bidzvac.ca\/fr\/produit\/7-ft-crushproof-hose-2\/\" \/>\n<meta property=\"og:site_name\" content=\"Bidz\" \/>\n<meta property=\"og:image\" content=\"https:\/\/bidzvac.ca\/wp-content\/uploads\/2021\/09\/8Gal_facebook.jpg\" \/>\n<meta name=\"twitter:card\" content=\"summary_large_image\" \/>\n<script type=\"application\/ld+json\" class=\"yoast-schema-graph\">{\"@context\":\"https:\/\/schema.org\",\"@graph\":[{\"@type\":\"WebPage\",\"@id\":\"https:\/\/bidzvac.ca\/fr\/produit\/7-ft-crushproof-hose-2\/\",\"url\":\"https:\/\/bidzvac.ca\/fr\/produit\/7-ft-crushproof-hose-2\/\",\"name\":\"Tuyau anti-\u00e9crasement pour aspirateur eau et poussi\u00e8re de 8 pieds - Bidz\",\"isPartOf\":{\"@id\":\"https:\/\/bidzvac.ca\/fr\/#website\"},\"primaryImageOfPage\":{\"@id\":\"https:\/\/bidzvac.ca\/fr\/produit\/7-ft-crushproof-hose-2\/#primaryimage\"},\"image\":{\"@id\":\"https:\/\/bidzvac.ca\/fr\/produit\/7-ft-crushproof-hose-2\/#primaryimage\"},\"thumbnailUrl\":\"https:\/\/bidzvac.ca\/wp-content\/uploads\/2021\/12\/5Gal_Image-4.1-1.jpg\",\"datePublished\":\"2021-12-08T16:28:00+00:00\",\"dateModified\":\"2021-12-08T16:28:00+00:00\",\"breadcrumb\":{\"@id\":\"https:\/\/bidzvac.ca\/fr\/produit\/7-ft-crushproof-hose-2\/#breadcrumb\"},\"inLanguage\":\"fr-FR\",\"potentialAction\":[{\"@type\":\"ReadAction\",\"target\":[\"https:\/\/bidzvac.ca\/fr\/produit\/7-ft-crushproof-hose-2\/\"]}]},{\"@type\":\"ImageObject\",\"inLanguage\":\"fr-FR\",\"@id\":\"https:\/\/bidzvac.ca\/fr\/produit\/7-ft-crushproof-hose-2\/#primaryimage\",\"url\":\"https:\/\/bidzvac.ca\/wp-content\/uploads\/2021\/12\/5Gal_Image-4.1-1.jpg\",\"contentUrl\":\"https:\/\/bidzvac.ca\/wp-content\/uploads\/2021\/12\/5Gal_Image-4.1-1.jpg\",\"width\":1000,\"height\":1000},{\"@type\":\"BreadcrumbList\",\"@id\":\"https:\/\/bidzvac.ca\/fr\/produit\/7-ft-crushproof-hose-2\/#breadcrumb\",\"itemListElement\":[{\"@type\":\"ListItem\",\"position\":1,\"name\":\"Home\",\"item\":\"https:\/\/bidzvac.ca\/fr\/\"},{\"@type\":\"ListItem\",\"position\":2,\"name\":\"Boutique\",\"item\":\"https:\/\/bidzvac.ca\/fr\/boutique\/\"},{\"@type\":\"ListItem\",\"position\":3,\"name\":\"Tuyau anti-\u00e9crasement pour aspirateur eau et poussi\u00e8re de 8 pieds\"}]},{\"@type\":\"WebSite\",\"@id\":\"https:\/\/bidzvac.ca\/fr\/#website\",\"url\":\"https:\/\/bidzvac.ca\/fr\/\",\"name\":\"Bidz\",\"description\":\"\",\"publisher\":{\"@id\":\"https:\/\/bidzvac.ca\/fr\/#organization\"},\"potentialAction\":[{\"@type\":\"SearchAction\",\"target\":{\"@type\":\"EntryPoint\",\"urlTemplate\":\"https:\/\/bidzvac.ca\/fr\/?s={search_term_string}\"},\"query-input\":{\"@type\":\"PropertyValueSpecification\",\"valueRequired\":true,\"valueName\":\"search_term_string\"}}],\"inLanguage\":\"fr-FR\"},{\"@type\":\"Organization\",\"@id\":\"https:\/\/bidzvac.ca\/fr\/#organization\",\"name\":\"Bidz\",\"url\":\"https:\/\/bidzvac.ca\/fr\/\",\"logo\":{\"@type\":\"ImageObject\",\"inLanguage\":\"fr-FR\",\"@id\":\"https:\/\/bidzvac.ca\/fr\/#\/schema\/logo\/image\/\",\"url\":\"https:\/\/bidzvac.ca\/wp-content\/uploads\/2021\/09\/bidz-logo-black.svg\",\"contentUrl\":\"https:\/\/bidzvac.ca\/wp-content\/uploads\/2021\/09\/bidz-logo-black.svg\",\"width\":612,\"height\":234,\"caption\":\"Bidz\"},\"image\":{\"@id\":\"https:\/\/bidzvac.ca\/fr\/#\/schema\/logo\/image\/\"}}]}<\/script>\n<!-- \/ Yoast SEO plugin. -->","yoast_head_json":{"title":"Tuyau anti-\u00e9crasement pour aspirateur eau et poussi\u00e8re de 8 pieds - Bidz","robots":{"index":"index","follow":"follow","max-snippet":"max-snippet:-1","max-image-preview":"max-image-preview:large","max-video-preview":"max-video-preview:-1"},"canonical":"https:\/\/bidzvac.ca\/fr\/produit\/7-ft-crushproof-hose-2\/","og_locale":"fr_FR","og_type":"article","og_title":"Tuyau anti-\u00e9crasement pour aspirateur eau et poussi\u00e8re de 8 pieds - Bidz","og_description":"8 ft : le tuyau le plus long et le plus durable du march\u00e9 pour les aspirateurs sec\/Humide Syst\u00e8me de verrouillage pour \u00e9viter que le boyau ne se d\u00e9tache pendant l&rsquo;utilisation. La fonction anti-\u00e9crasement prot\u00e8ge votre boyau contre l&rsquo;\u00e9crasement et augmente sa dur\u00e9e de vie. Son diam\u00e8tre de 1 1\/4 pouce est parfait pour ramasser [&hellip;]","og_url":"https:\/\/bidzvac.ca\/fr\/produit\/7-ft-crushproof-hose-2\/","og_site_name":"Bidz","og_image":[{"url":"https:\/\/bidzvac.ca\/wp-content\/uploads\/2021\/09\/8Gal_facebook.jpg","type":"","width":"","height":""}],"twitter_card":"summary_large_image","schema":{"@context":"https:\/\/schema.org","@graph":[{"@type":"WebPage","@id":"https:\/\/bidzvac.ca\/fr\/produit\/7-ft-crushproof-hose-2\/","url":"https:\/\/bidzvac.ca\/fr\/produit\/7-ft-crushproof-hose-2\/","name":"Tuyau anti-\u00e9crasement pour aspirateur eau et poussi\u00e8re de 8 pieds - Bidz","isPartOf":{"@id":"https:\/\/bidzvac.ca\/fr\/#website"},"primaryImageOfPage":{"@id":"https:\/\/bidzvac.ca\/fr\/produit\/7-ft-crushproof-hose-2\/#primaryimage"},"image":{"@id":"https:\/\/bidzvac.ca\/fr\/produit\/7-ft-crushproof-hose-2\/#primaryimage"},"thumbnailUrl":"https:\/\/bidzvac.ca\/wp-content\/uploads\/2021\/12\/5Gal_Image-4.1-1.jpg","datePublished":"2021-12-08T16:28:00+00:00","dateModified":"2021-12-08T16:28:00+00:00","breadcrumb":{"@id":"https:\/\/bidzvac.ca\/fr\/produit\/7-ft-crushproof-hose-2\/#breadcrumb"},"inLanguage":"fr-FR","potentialAction":[{"@type":"ReadAction","target":["https:\/\/bidzvac.ca\/fr\/produit\/7-ft-crushproof-hose-2\/"]}]},{"@type":"ImageObject","inLanguage":"fr-FR","@id":"https:\/\/bidzvac.ca\/fr\/produit\/7-ft-crushproof-hose-2\/#primaryimage","url":"https:\/\/bidzvac.ca\/wp-content\/uploads\/2021\/12\/5Gal_Image-4.1-1.jpg","contentUrl":"https:\/\/bidzvac.ca\/wp-content\/uploads\/2021\/12\/5Gal_Image-4.1-1.jpg","width":1000,"height":1000},{"@type":"BreadcrumbList","@id":"https:\/\/bidzvac.ca\/fr\/produit\/7-ft-crushproof-hose-2\/#breadcrumb","itemListElement":[{"@type":"ListItem","position":1,"name":"Home","item":"https:\/\/bidzvac.ca\/fr\/"},{"@type":"ListItem","position":2,"name":"Boutique","item":"https:\/\/bidzvac.ca\/fr\/boutique\/"},{"@type":"ListItem","position":3,"name":"Tuyau anti-\u00e9crasement pour aspirateur eau et poussi\u00e8re de 8 pieds"}]},{"@type":"WebSite","@id":"https:\/\/bidzvac.ca\/fr\/#website","url":"https:\/\/bidzvac.ca\/fr\/","name":"Bidz","description":"","publisher":{"@id":"https:\/\/bidzvac.ca\/fr\/#organization"},"potentialAction":[{"@type":"SearchAction","target":{"@type":"EntryPoint","urlTemplate":"https:\/\/bidzvac.ca\/fr\/?s={search_term_string}"},"query-input":{"@type":"PropertyValueSpecification","valueRequired":true,"valueName":"search_term_string"}}],"inLanguage":"fr-FR"},{"@type":"Organization","@id":"https:\/\/bidzvac.ca\/fr\/#organization","name":"Bidz","url":"https:\/\/bidzvac.ca\/fr\/","logo":{"@type":"ImageObject","inLanguage":"fr-FR","@id":"https:\/\/bidzvac.ca\/fr\/#\/schema\/logo\/image\/","url":"https:\/\/bidzvac.ca\/wp-content\/uploads\/2021\/09\/bidz-logo-black.svg","contentUrl":"https:\/\/bidzvac.ca\/wp-content\/uploads\/2021\/09\/bidz-logo-black.svg","width":612,"height":234,"caption":"Bidz"},"image":{"@id":"https:\/\/bidzvac.ca\/fr\/#\/schema\/logo\/image\/"}}]}},"_links":{"self":[{"href":"https:\/\/bidzvac.ca\/fr\/wp-json\/wp\/v2\/product\/2247","targetHints":{"allow":["GET"]}}],"collection":[{"href":"https:\/\/bidzvac.ca\/fr\/wp-json\/wp\/v2\/product"}],"about":[{"href":"https:\/\/bidzvac.ca\/fr\/wp-json\/wp\/v2\/types\/product"}],"replies":[{"embeddable":true,"href":"https:\/\/bidzvac.ca\/fr\/wp-json\/wp\/v2\/comments?post=2247"}],"wp:featuredmedia":[{"embeddable":true,"href":"https:\/\/bidzvac.ca\/fr\/wp-json\/wp\/v2\/media\/2175"}],"wp:attachment":[{"href":"https:\/\/bidzvac.ca\/fr\/wp-json\/wp\/v2\/media?parent=2247"}],"wp:term":[{"taxonomy":"product_cat","embeddable":true,"href":"https:\/\/bidzvac.ca\/fr\/wp-json\/wp\/v2\/product_cat?post=2247"},{"taxonomy":"product_tag","embeddable":true,"href":"https:\/\/bidzvac.ca\/fr\/wp-json\/wp\/v2\/product_tag?post=2247"}],"curies":[{"name":"wp","href":"https:\/\/api.w.org\/{rel}","templated":true}]}}